{"id":36757,"date":"2019-08-26T16:08:24","date_gmt":"2019-08-26T16:08:24","guid":{"rendered":"http:\/\/aquamareyn.nl\/?page_id=36757"},"modified":"2025-03-26T08:14:57","modified_gmt":"2025-03-26T08:14:57","slug":"marja-hendriks-boelens","status":"publish","type":"page","link":"https:\/\/aquamareyn.nl\/index.php\/marja-hendriks-boelens\/","title":{"rendered":"Marja Hendriks-Boelens"},"content":{"rendered":"<p>[et_pb_section fb_built=&#8221;1&#8243; fullwidth=&#8221;on&#8221; _builder_version=&#8221;4.16&#8243; global_colors_info=&#8221;{}&#8221;][et_pb_fullwidth_image src=&#8221;http:\/\/aquamareyn.nl\/wp-content\/uploads\/2019\/09\/3.png&#8221; _builder_version=&#8221;4.16&#8243; global_colors_info=&#8221;{}&#8221;]<br \/>\n[\/et_pb_fullwidth_image][\/et_pb_section][et_pb_section fb_built=&#8221;1&#8243; _builder_version=&#8221;4.16&#8243; custom_padding=&#8221;15px|0px|54px|0px|false|false&#8221; global_colors_info=&#8221;{}&#8221;][et_pb_row _builder_version=&#8221;4.16&#8243; width=&#8221;90%&#8221; max_width=&#8221;90%&#8221; use_custom_width=&#8221;on&#8221; width_unit=&#8221;off&#8221; custom_width_percent=&#8221;90%&#8221; global_colors_info=&#8221;{}&#8221; column_structure=&#8221;1_4,3_4&#8243;][et_pb_column type=&#8221;1_4&#8243; _builder_version=&#8221;4.16&#8243; custom_padding=&#8221;|||&#8221; global_colors_info=&#8221;{}&#8221; custom_padding__hover=&#8221;|||&#8221;][et_pb_text _builder_version=&#8221;4.16&#8243; global_colors_info=&#8221;{}&#8221;]<\/p>\n<div style=\"text-align: right;\"><i><i><i><\/i><\/i><\/i><\/p>\n<div style=\"text-align: right;\">\n<p><i><span style=\"color: #d79e67; font-size: 16px;\">Woorden<\/span><\/i><\/p>\n<\/div>\n<div style=\"text-align: right;\"><i><span style=\"color: #d79e67; font-size: 16px;\">Woorden zijn er niet<br \/>Ik weet wat ik voel.<br \/>Maar hoe zeg ik het?<br \/>Dan zijn er beelden,<br \/>Beelden van mijn ziel,<br \/>Beelden voor mijn ogen;<br \/>Hoe het was, is, en zal zijn.<br \/>Dan komt de stroom op gang,<br \/>Woorden zijn niet te stuiten.<br \/>Gelukkig leun ik achterover,<br \/>Ik heb het begrepen,<br \/>Ik kan het laten horen en zien.<br \/>Ik sta in de wereld. <\/span><\/i><\/div>\n<\/div>\n<p>[\/et_pb_text][\/et_pb_column][et_pb_column type=&#8221;3_4&#8243; _builder_version=&#8221;4.16&#8243; custom_padding=&#8221;|||&#8221; global_colors_info=&#8221;{}&#8221; custom_padding__hover=&#8221;|||&#8221;][et_pb_text _builder_version=&#8221;4.27.4&#8243; hover_enabled=&#8221;0&#8243; global_colors_info=&#8221;{}&#8221; content_last_edited=&#8221;on|phone&#8221; sticky_enabled=&#8221;0&#8243; content_tablet=&#8221;<\/p>\n<div align=%22center%22 class=%22style10%22>\n<div align=%22left%22>\n<h2>Marja Hendriks-Boelens<\/h2>\n<\/div>\n<\/div>\n<p><img src=%22https:\/\/aquamareyn.nl\/wp-content\/uploads\/2025\/03\/marjapasfoto-211x300.jpg%22 width=%22211%22 height=%22300%22 alt=%22%22 class=%22wp-image-37098 alignright size-medium%22 \/>Ik ben geboren in 1958. Opgegroeid in een gezin met vier kinderen waar \u2018zorgen voor elkaar\u2019 hoog in het vaandel stond.<br \/>Na het doorlopen van de middelbare school, heb ik de opleiding tot verpleegkundige gevolgd.<br \/>Sinds de tijd dat ik op kamers ging, startte ik met het verzorgen van de zieke mens en heeft deze mens me altijd zeer bewogen. Door om te gaan met mensen borrelden er vragen op als hoe, waarom, wat en wie enz. Vragen die mijn pad baanden. De antwoorden volgenden soms direct, soms pas jaren later.<\/p>\n<div class=%22koptekstvolg%22>\n<p><strong>Fysiotherapeut\/psychogeriatrie<\/strong><\/p>\n<\/div>\n<p>Een pati\u00ebnte, met een dwarslaesie, die ik verzorgde, maakte mij bewust van de kwaliteiten die ik had, en adviseerde mij fysiotherapeut te worden.<br \/>In de daarop volgende zeventien jaar dat ik als fysiotherapeut werkte ( de eerste vier jaar in een psychogeriatrisch verpleeghuis), leerde ik veel van levensverhalen van de pati\u00ebnten, hun pijn, hun afweer, hun mogelijkheden en onmogelijkheden: Hun bewegen en stilstaan. Hoe ik hen kon bereiken\u2026..? met geduld.<br \/>Daarnaast was zwemmen, met geestelijk en lichamelijk gehandicapte ouderen, een boeiende twee jaar durende evaring.<\/p>\n<div class=%22koptekstvolg%22>\n<p><strong>Fysiotherapeut\/coach<\/strong><\/p>\n<\/div>\n<p>Na de geboorte van ons eerste kind, ging ik in een particuliere praktijk werken.<br \/>Hier bekwaamde ik mij in problemen met houding en beweging van mensen van alle leeftijd categorie\u00ebn. Mijn voorkeur in benadering lag in de massage, oefen &#8211; en manuele therapie.<br \/>Uit gesprekken met veel van de cli\u00ebnten bleek hoe lichaam en geest, van de mens in de samenleving, elkaar telkens be\u00efnvloeden. Om de vele vragen van mezelf en mijn cli\u00ebnten te kunnen beantwoorden en om er verantwoord mee om te gaan volgde ik vervolgens een tweejarige cursus NLP. Deze cursus reikte mij handvaten ten aanzien van verbetering van communicatie met mezelf en met anderen. Ik werd mij bewust van mijn sterke kwaliteit als goede luisteraar en observator en coach.<\/p>\n<div class=%22koptekstvolg%22>\n<p><strong>Creativiteit<\/strong><\/p>\n<\/div>\n<p>Geprikkeld om mijn creativiteit verder uit te werken deed ik vervolgens een drie jarige creatieve opleiding (Cochenille). De opleiding verbreedde mijn mogelijkheden om me uit te drukken in woord, kleur, drama, dans en werd daardoor een toevoeging voor mijn levensvreugde en leerde mij steeds vrijer in het leven te staan.<\/p>\n<div class=%22koptekstvolg%22>\n<p><strong>Traumatherapeut<\/strong><\/p>\n<\/div>\n<p>Mijn kwaliteiten als fysiotherapeut spitsten zich steeds meer toe op het coachen van mijn cli\u00ebnten in plaats van zorgen voor hun welzijn. Ik besloot een opleiding te volgen aan de opleiding School voor Re\u00efncarnatietherapie Nederland, tot regressietherapeut.<\/p>\n<ul>\n<li>Doel was om nog meer te begrijpen van de werking tussen psyche en lichaam. Hoe angst, boosheid, verdriet en blijheid invloed hebben op keuzes die mensen maken of juist niet maken. En hoe het mogelijk is om een weg te vinden in schijnbaar onmogelijke situaties. Hoe zou het kunnen dat de ene mens wel zijn weg vindt en de ander zich schijnbaar voor een blokkade vindt en tot stilstand komt in zijn ontwikkeling? Hoe het lichaam, het bewegen, houding en gedrag hiervan uitingsvormen zijn.<\/li>\n<\/ul>\n<p><strong>Somatic Experiencing<\/strong><br \/>Om meer aansluiting te vinden bij mijn vak als psychosomatisch werkend fysiotherapeut, stelde ik me open voor nieuwe gebieden , en kwam het boek \u201cde tijger ontwaakt\u201d. op mijn pad.<\/p>\n<p>Dat boek lezende ,werd ik blij, enthousiast , ik herkende mijn natuurlijke manier van werken in deze vorm van trauma healing.<br \/>Ik volgde de drie jarige opleiding, met een onderbreking na twee jaar. Het gaf me een grotere draagkracht\u00a0 tav levens problematiek.<br \/>In die tijd werd er bij mijn jongste dochter van 17 jr een hersentumor geconstateerd. Mede door deze opleiding en de steun van collega\u2019s en docenten was ik in staat om ons gezin in deze zware tijd te ondersteunen en mn naast mijn dochter te staan, tijdens de zware behandeling van chemo en bestraling,\u00a0 operatie en uiteindelijk haar overlijden op 7 december 2017. Te blijven leven vanuit mogelijkheden en levenskracht, waar verdriet en boosheid ,angst\u00a0 en onmacht een\u00a0 natuurlijk onderdeel waren. Kon ik, waar nodig, hulpbronnen aan te spreken in familie, vrienden en de buurt.<br \/>Ik heb, door deze opleiding en levens ervaring al, vele cli\u00ebnten mogen steunen en begeleiden in hun levensvragen\u00a0 en moeilijkheden en lichamelijke stressklachten.( burnout, whiplash, \u00a0shocktrauma, depressie en angststoornissen)<\/p>\n<p><strong>Uitdaging <\/strong>(verandering)<\/p>\n<table style=%22width: 100%; border-collapse: collapse; border-style: none; border-color: #ffffff;%22 border=%221%22>\n<tbody>\n<tr>\n<td style=%22border-style: none; width: 72.04%; vertical-align: top;%22>Nu zie ik het als uitdaging om mijn kennis en ervaring als fysiotherapeut, master NLP en traumatherapeut te bundelen.<br \/>Om afhankelijk van de specifieke situatie van de cli\u00ebnt de juiste tools uit mijn rugzak te halen<\/td>\n<td style=%22border-style: none; width: 27.95%; vertical-align: top;%22><img width=%22199%22 height=%22122%22 class=%22aligncenter%22 alt=%22%22 src=%22http:\/\/aquamareyn.nl\/Site\/wp-content\/themes\/Shadows%20Forest\/imgs\/bron_verkleind.jpg%22 \/><\/td>\n<\/tr>\n<\/tbody>\n<\/table>\n<div class=%22koptekstvolg%22>\n<p>&nbsp;<\/p>\n<\/div>\n<p>&#8221; content_phone=&#8221;<\/p>\n<div align=%22center%22 class=%22style10%22>\n<div align=%22left%22>\n<h2>Marja Hendriks-Boelens<\/h2>\n<\/div>\n<\/div>\n<p><img src=%22https:\/\/aquamareyn.nl\/wp-content\/uploads\/2025\/03\/marjapasfoto-211x300.jpg%22 width=%22211%22 height=%22300%22 alt=%22%22 class=%22wp-image-37098 alignright size-medium%22 \/>Ik ben geboren in 1958. Opgegroeid in een gezin met vier kinderen waar \u2018zorgen voor elkaar\u2019 hoog in het vaandel stond.<br \/>Na het doorlopen van de middelbare school, heb ik de opleiding tot verpleegkundige gevolgd.<br \/>Sinds de tijd dat ik op kamers ging, startte ik met het verzorgen van de zieke mens en heeft deze mens me altijd zeer bewogen. Door om te gaan met mensen borrelden er vragen op als hoe, waarom, wat en wie enz. Vragen die mijn pad baanden. De antwoorden volgenden soms direct, soms pas jaren later.<\/p>\n<div class=%22koptekstvolg%22>\n<p><strong>Fysiotherapeut\/psychogeriatrie<\/strong><\/p>\n<\/div>\n<p>Een pati\u00ebnte, met een dwarslaesie, die ik verzorgde, maakte mij bewust van de kwaliteiten die ik had, en adviseerde mij fysiotherapeut te worden.<br \/>In de daarop volgende zeventien jaar dat ik als fysiotherapeut werkte ( de eerste vier jaar in een psychogeriatrisch verpleeghuis), leerde ik veel van levensverhalen van de pati\u00ebnten, hun pijn, hun afweer, hun mogelijkheden en onmogelijkheden: Hun bewegen en stilstaan. Hoe ik hen kon bereiken\u2026..? met geduld.<br \/>Daarnaast was zwemmen, met geestelijk en lichamelijk gehandicapte ouderen, een boeiende twee jaar durende evaring.<\/p>\n<div class=%22koptekstvolg%22>\n<p><strong>Fysiotherapeut\/coach<\/strong><\/p>\n<\/div>\n<p>Na de geboorte van ons eerste kind, ging ik in een particuliere praktijk werken.<br \/>Hier bekwaamde ik mij in problemen met houding en beweging van mensen van alle leeftijd categorie\u00ebn. Mijn voorkeur in benadering lag in de massage, oefen &#8211; en manuele therapie.<br \/>Uit gesprekken met veel van de cli\u00ebnten bleek hoe lichaam en geest, van de mens in de samenleving, elkaar telkens be\u00efnvloeden. Om de vele vragen van mezelf en mijn cli\u00ebnten te kunnen beantwoorden en om er verantwoord mee om te gaan volgde ik vervolgens een tweejarige cursus NLP. Deze cursus reikte mij handvaten ten aanzien van verbetering van communicatie met mezelf en met anderen. Ik werd mij bewust van mijn sterke kwaliteit als goede luisteraar en observator en coach.<\/p>\n<div class=%22koptekstvolg%22>\n<p><strong>Creativiteit<\/strong><\/p>\n<\/div>\n<p>Geprikkeld om mijn creativiteit verder uit te werken deed ik vervolgens een drie jarige creatieve opleiding (Cochenille). De opleiding verbreedde mijn mogelijkheden om me uit te drukken in woord, kleur, drama, dans en werd daardoor een toevoeging voor mijn levensvreugde en leerde mij steeds vrijer in het leven te staan.<\/p>\n<div class=%22koptekstvolg%22>\n<p><strong>Traumatherapeut<\/strong><\/p>\n<\/div>\n<p>Mijn kwaliteiten als fysiotherapeut spitsten zich steeds meer toe op het coachen van mijn cli\u00ebnten in plaats van zorgen voor hun welzijn. Ik besloot een opleiding te volgen aan de opleiding School voor Re\u00efncarnatietherapie Nederland, tot regressietherapeut.<\/p>\n<ul>\n<li>Doel was om nog meer te begrijpen van de werking tussen psyche en lichaam. Hoe angst, boosheid, verdriet en blijheid invloed hebben op keuzes die mensen maken of juist niet maken. En hoe het mogelijk is om een weg te vinden in schijnbaar onmogelijke situaties. Hoe zou het kunnen dat de ene mens wel zijn weg vindt en de ander zich schijnbaar voor een blokkade vindt en tot stilstand komt in zijn ontwikkeling? Hoe het lichaam, het bewegen, houding en gedrag hiervan uitingsvormen zijn.<\/li>\n<\/ul>\n<p><strong>Somatic Experiencing<\/strong><br \/>Om meer aansluiting te vinden bij mijn vak als psychosomatisch werkend fysiotherapeut, stelde ik me open voor nieuwe gebieden , en kwam het boek \u201cde tijger ontwaakt\u201d. op mijn pad.<\/p>\n<p>Dat boek lezende ,werd ik blij, enthousiast , ik herkende mijn natuurlijke manier van werken in deze vorm van trauma healing.<br \/>Ik volgde de drie jarige opleiding, met een onderbreking na twee jaar. Het gaf me een grotere draagkracht\u00a0 tav levens problematiek.<br \/>In die tijd werd er bij mijn jongste dochter van 17 jr een hersentumor geconstateerd. Mede door deze opleiding en de steun van collega\u2019s en docenten was ik in staat om ons gezin in deze zware tijd te ondersteunen en mn naast mijn dochter te staan, tijdens de zware behandeling van chemo en bestraling,\u00a0 operatie en uiteindelijk haar overlijden op 7 december 2017. Te blijven leven vanuit mogelijkheden en levenskracht, waar verdriet en boosheid ,angst\u00a0 en onmacht een\u00a0 natuurlijk onderdeel waren. Kon ik, waar nodig, hulpbronnen aan te spreken in familie, vrienden en de buurt.<br \/>Ik heb, door deze opleiding en levens ervaring al, vele cli\u00ebnten mogen steunen en begeleiden in hun levensvragen\u00a0 en moeilijkheden en lichamelijke stressklachten.( burnout, whiplash, \u00a0shocktrauma, depressie en angststoornissen)<\/p>\n<p><strong>Uitdaging <\/strong>(verandering)<\/p>\n<table style=%22width: 100%; border-collapse: collapse; border-style: none; border-color: #ffffff;%22 border=%221%22>\n<tbody>\n<tr>\n<td style=%22border-style: none; width: 72.04%; vertical-align: top;%22>Nu zie ik het als uitdaging om mijn kennis en ervaring als fysiotherapeut, master NLP en traumatherapeut te bundelen.<br \/>Om afhankelijk van de specifieke situatie van de cli\u00ebnt de juiste tools uit mijn rugzak te halen<\/td>\n<td style=%22border-style: none; width: 27.95%; vertical-align: top;%22><img width=%22199%22 height=%22122%22 class=%22aligncenter%22 alt=%22%22 src=%22http:\/\/aquamareyn.nl\/Site\/wp-content\/themes\/Shadows%20Forest\/imgs\/bron_verkleind.jpg%22 \/><\/td>\n<\/tr>\n<\/tbody>\n<\/table>\n<div class=%22koptekstvolg%22>\n<p>&nbsp;<\/p>\n<\/div>\n<p>&#8220;]<\/p>\n<div align=\"center\" class=\"style10\">\n<div align=\"left\">\n<h2>Marja Hendriks-Boelens<\/h2>\n<\/div>\n<\/div>\n<p><img loading=\"lazy\" decoding=\"async\" src=\"https:\/\/aquamareyn.nl\/wp-content\/uploads\/2025\/03\/marjapasfoto-211x300.jpg\" width=\"211\" height=\"300\" alt=\"\" class=\"wp-image-37098 alignright size-medium\" srcset=\"https:\/\/aquamareyn.nl\/wp-content\/uploads\/2025\/03\/marjapasfoto-211x300.jpg 211w, https:\/\/aquamareyn.nl\/wp-content\/uploads\/2025\/03\/marjapasfoto.jpg 378w\" sizes=\"(max-width: 211px) 100vw, 211px\" \/>Ik ben geboren in 1958. Opgegroeid in een gezin met vier kinderen waar \u2018zorgen voor elkaar\u2019 hoog in het vaandel stond.<br \/>Na het doorlopen van de middelbare school, heb ik de opleiding tot verpleegkundige gevolgd.<br \/>Sinds de tijd dat ik op kamers ging, startte ik met het verzorgen van de zieke mens en heeft deze mens me altijd zeer bewogen. Door om te gaan met mensen borrelden er vragen op als hoe, waarom, wat en wie enz. Vragen die mijn pad baanden. De antwoorden volgenden soms direct, soms pas jaren later.<\/p>\n<div class=\"koptekstvolg\">\n<p><strong>Fysiotherapeut\/psychogeriatrie<\/strong><\/p>\n<\/div>\n<p>Een pati\u00ebnte, met een dwarslaesie, die ik verzorgde, maakte mij bewust van de kwaliteiten die ik had, en adviseerde mij fysiotherapeut te worden.<br \/>In de daarop volgende zeventien jaar dat ik als fysiotherapeut werkte ( de eerste vier jaar in een psychogeriatrisch verpleeghuis), leerde ik veel van levensverhalen van de pati\u00ebnten, hun pijn, hun afweer, hun mogelijkheden en onmogelijkheden: Hun bewegen en stilstaan. Hoe ik hen kon bereiken\u2026..? met geduld.<br \/>Daarnaast was zwemmen, met geestelijk en lichamelijk gehandicapte ouderen, een boeiende twee jaar durende evaring.<\/p>\n<div class=\"koptekstvolg\">\n<p><strong>Fysiotherapeut\/coach<\/strong><\/p>\n<\/div>\n<p>Na de geboorte van ons eerste kind, ging ik in een particuliere praktijk werken.<br \/>Hier bekwaamde ik mij in problemen met houding en beweging van mensen van alle leeftijd categorie\u00ebn. Mijn voorkeur in benadering lag in de massage, oefen &#8211; en manuele therapie.<br \/>Uit gesprekken met veel van de cli\u00ebnten bleek hoe lichaam en geest, van de mens in de samenleving, elkaar telkens be\u00efnvloeden. Om de vele vragen van mezelf en mijn cli\u00ebnten te kunnen beantwoorden en om er verantwoord mee om te gaan volgde ik vervolgens een tweejarige cursus NLP. Deze cursus reikte mij handvaten ten aanzien van verbetering van communicatie met mezelf en met anderen. Ik werd mij bewust van mijn sterke kwaliteit als goede luisteraar en observator en coach.<\/p>\n<div class=\"koptekstvolg\">\n<p><strong>Creativiteit<\/strong><\/p>\n<\/div>\n<p>Geprikkeld om mijn creativiteit verder uit te werken deed ik vervolgens een drie jarige creatieve opleiding (Cochenille). De opleiding verbreedde mijn mogelijkheden om me uit te drukken in woord, kleur, drama, dans en werd daardoor een toevoeging voor mijn levensvreugde en leerde mij steeds vrijer in het leven te staan.<\/p>\n<div class=\"koptekstvolg\">\n<p><strong>Traumatherapeut<\/strong><\/p>\n<\/div>\n<p>Mijn kwaliteiten als fysiotherapeut spitsten zich steeds meer toe op het coachen van mijn cli\u00ebnten in plaats van zorgen voor hun welzijn. Ik besloot een opleiding te volgen aan de opleiding School voor Re\u00efncarnatietherapie Nederland, tot regressietherapeut.<\/p>\n<ul>\n<li>Doel was om nog meer te begrijpen van de werking tussen psyche en lichaam. Hoe angst, boosheid, verdriet en blijheid invloed hebben op keuzes die mensen maken of juist niet maken. En hoe het mogelijk is om een weg te vinden in schijnbaar onmogelijke situaties. Hoe zou het kunnen dat de ene mens wel zijn weg vindt en de ander zich schijnbaar voor een blokkade vindt en tot stilstand komt in zijn ontwikkeling? Hoe het lichaam, het bewegen, houding en gedrag hiervan uitingsvormen zijn.<\/li>\n<\/ul>\n<p><strong>Somatic Experiencing<\/strong><br \/>Om meer aansluiting te vinden bij mijn vak als psychosomatisch werkend fysiotherapeut, stelde ik me open voor nieuwe gebieden , en kwam het boek \u201cde tijger ontwaakt\u201d. op mijn pad.<\/p>\n<p>Dat boek lezende ,werd ik blij, enthousiast , ik herkende mijn natuurlijke manier van werken in deze vorm van trauma healing.<br \/>Ik volgde de drie jarige opleiding, met een onderbreking na twee jaar. Het gaf me een grotere draagkracht\u00a0 tav levens problematiek.<br \/>In die tijd werd er bij mijn jongste dochter van 17 jr een hersentumor geconstateerd. Mede door deze opleiding en de steun van collega\u2019s en docenten was ik in staat om ons gezin in deze zware tijd te ondersteunen en mn naast mijn dochter te staan, tijdens de zware behandeling van chemo en bestraling,\u00a0 operatie en uiteindelijk haar overlijden op 7 december 2017. Te blijven leven vanuit mogelijkheden en levenskracht, waar verdriet en boosheid ,angst\u00a0 en onmacht een\u00a0 natuurlijk onderdeel waren. Kon ik, waar nodig, hulpbronnen aan te spreken in familie, vrienden en de buurt.<br \/>Ik heb, door deze opleiding en levens ervaring al, vele cli\u00ebnten mogen steunen en begeleiden in hun levensvragen\u00a0 en moeilijkheden en lichamelijke stressklachten.( burnout, whiplash, \u00a0shocktrauma, depressie en angststoornissen)<\/p>\n<p><strong>Uitdaging <\/strong>(verandering)<\/p>\n<table style=\"width: 100%; border-collapse: collapse; border-style: none; border-color: #ffffff;\" border=\"1\">\n<tbody>\n<tr>\n<td style=\"border-style: none; width: 72.04%; vertical-align: top;\">Nu zie ik het als uitdaging om mijn kennis en ervaring als fysiotherapeut, master NLP en traumatherapeut te bundelen.<br \/>Om afhankelijk van de specifieke situatie van de cli\u00ebnt de juiste tools uit mijn rugzak te halen<\/td>\n<td style=\"border-style: none; width: 27.95%; vertical-align: top;\"><img loading=\"lazy\" decoding=\"async\" width=\"199\" height=\"122\" class=\"aligncenter\" alt=\"\" src=\"http:\/\/aquamareyn.nl\/Site\/wp-content\/themes\/Shadows%20Forest\/imgs\/bron_verkleind.jpg\" \/><\/td>\n<\/tr>\n<\/tbody>\n<\/table>\n<div class=\"koptekstvolg\">\n<p>&nbsp;<\/p>\n<\/div>\n<p>[\/et_pb_text][\/et_pb_column][\/et_pb_row][\/et_pb_section]<\/p>\n","protected":false},"excerpt":{"rendered":"<p>WoordenWoorden zijn er nietIk weet wat ik voel.Maar hoe zeg ik het?Dan zijn er beelden,Beelden van mijn ziel,Beelden voor mijn ogen;Hoe het was, is, en zal zijn.Dan komt de stroom op gang,Woorden zijn niet te stuiten.Gelukkig leun ik achterover,Ik heb het begrepen,Ik kan het laten horen en zien.Ik sta in de wereld. Marja Hendriks-Boelens Ik [&hellip;]<\/p>\n","protected":false},"author":1,"featured_media":0,"parent":0,"menu_order":0,"comment_status":"closed","ping_status":"closed","template":"","meta":{"_et_pb_use_builder":"on","_et_pb_old_content":"","_et_gb_content_width":"","footnotes":""},"class_list":["post-36757","page","type-page","status-publish","hentry"],"_links":{"self":[{"href":"https:\/\/aquamareyn.nl\/index.php\/wp-json\/wp\/v2\/pages\/36757","targetHints":{"allow":["GET"]}}],"collection":[{"href":"https:\/\/aquamareyn.nl\/index.php\/wp-json\/wp\/v2\/pages"}],"about":[{"href":"https:\/\/aquamareyn.nl\/index.php\/wp-json\/wp\/v2\/types\/page"}],"author":[{"embeddable":true,"href":"https:\/\/aquamareyn.nl\/index.php\/wp-json\/wp\/v2\/users\/1"}],"replies":[{"embeddable":true,"href":"https:\/\/aquamareyn.nl\/index.php\/wp-json\/wp\/v2\/comments?post=36757"}],"version-history":[{"count":14,"href":"https:\/\/aquamareyn.nl\/index.php\/wp-json\/wp\/v2\/pages\/36757\/revisions"}],"predecessor-version":[{"id":37100,"href":"https:\/\/aquamareyn.nl\/index.php\/wp-json\/wp\/v2\/pages\/36757\/revisions\/37100"}],"wp:attachment":[{"href":"https:\/\/aquamareyn.nl\/index.php\/wp-json\/wp\/v2\/media?parent=36757"}],"curies":[{"name":"wp","href":"https:\/\/api.w.org\/{rel}","templated":true}]}}